{"id":103,"date":"2025-03-28T14:20:22","date_gmt":"2025-03-28T14:20:22","guid":{"rendered":"https:\/\/lopezdecarlo.com\/?page_id=103"},"modified":"2026-01-08T22:28:53","modified_gmt":"2026-01-08T22:28:53","slug":"sobre-mi","status":"publish","type":"page","link":"https:\/\/lopezdecarlo.com\/en\/sobre-mi\/","title":{"rendered":"About Me"},"content":{"rendered":"<style>.kb-row-layout-wrap.wp-block-kadence-rowlayout.kb-row-layout-id103_7d9d07-a4{margin-top:-80px;margin-bottom:0px;}.kb-row-layout-id103_7d9d07-a4 > .kt-row-column-wrap{align-content:start;}:where(.kb-row-layout-id103_7d9d07-a4 > .kt-row-column-wrap) > .wp-block-kadence-column{justify-content:start;}.kb-row-layout-id103_7d9d07-a4 > .kt-row-column-wrap{column-gap:var(--global-kb-gap-md, 2rem);row-gap:var(--global-kb-gap-none, 0rem );max-width:2000px;margin-left:auto;margin-right:auto;padding-top:0px;padding-right:0px;padding-bottom:0px;padding-left:0px;grid-template-columns:minmax(0, 1fr);}.kb-row-layout-id103_7d9d07-a4 > .kt-row-layout-overlay{opacity:0.30;}@media all and (max-width: 1024px){.kb-row-layout-id103_7d9d07-a4 > .kt-row-column-wrap{grid-template-columns:minmax(0, 1fr);}}@media all and (max-width: 767px){.kb-row-layout-wrap.wp-block-kadence-rowlayout.kb-row-layout-id103_7d9d07-a4{margin-top:-60px;}.kb-row-layout-id103_7d9d07-a4 > .kt-row-column-wrap{padding-top:0px;grid-template-columns:minmax(0, 1fr);}}<\/style><div class=\"kb-row-layout-wrap kb-row-layout-id103_7d9d07-a4 alignnone wp-block-kadence-rowlayout\"><div class=\"kt-row-column-wrap kt-has-1-columns kt-row-layout-equal kt-tab-layout-inherit kt-mobile-layout-row kt-row-valign-top kt-inner-column-height-full\">\n<style>.kadence-column103_f4e2f8-98 > .kt-inside-inner-col,.kadence-column103_f4e2f8-98 > .kt-inside-inner-col:before{border-top-left-radius:0px;border-top-right-radius:0px;border-bottom-right-radius:0px;border-bottom-left-radius:0px;}.kadence-column103_f4e2f8-98 > .kt-inside-inner-col{column-gap:var(--global-kb-gap-sm, 1rem);}.kadence-column103_f4e2f8-98 > .kt-inside-inner-col{flex-direction:column;}.kadence-column103_f4e2f8-98 > .kt-inside-inner-col > .aligncenter{width:100%;}.kadence-column103_f4e2f8-98 > .kt-inside-inner-col:before{opacity:0.3;}.kadence-column103_f4e2f8-98{position:relative;}@media all and (max-width: 1024px){.kadence-column103_f4e2f8-98 > .kt-inside-inner-col{flex-direction:column;justify-content:center;}}@media all and (max-width: 767px){.kadence-column103_f4e2f8-98 > .kt-inside-inner-col{flex-direction:column;justify-content:center;}}<\/style>\n<div class=\"wp-block-kadence-column kadence-column103_f4e2f8-98 kvs-sm-false kb-section-dir-vertical\"><div class=\"kt-inside-inner-col\"><style>.kb-image103_687633-b8 .kb-image-has-overlay:after{opacity:0.3;}.kb-image103_687633-b8 img.kb-img, .kb-image103_687633-b8 .kb-img img{object-position:53% 8%;}<\/style>\n<div class=\"wp-block-kadence-image kb-image103_687633-b8\"><figure class=\"aligncenter size-full kb-image-is-ratio-size\"><div class=\"kb-is-ratio-image kb-image-ratio-land21\"><img loading=\"lazy\" decoding=\"async\" width=\"1024\" height=\"768\" src=\"https:\/\/lopezdecarlo.com\/wp-content\/uploads\/2026\/01\/ver-web2.jpg\" alt=\"\" class=\"kb-img wp-image-1355\" srcset=\"https:\/\/lopezdecarlo.com\/wp-content\/uploads\/2026\/01\/ver-web2.jpg 1024w, https:\/\/lopezdecarlo.com\/wp-content\/uploads\/2026\/01\/ver-web2-300x225.jpg 300w, https:\/\/lopezdecarlo.com\/wp-content\/uploads\/2026\/01\/ver-web2-768x576.jpg 768w, https:\/\/lopezdecarlo.com\/wp-content\/uploads\/2026\/01\/ver-web2-16x12.jpg 16w\" sizes=\"auto, (max-width: 1024px) 100vw, 1024px\" \/><\/div><\/figure><\/div>\n<\/div><\/div>\n\n\n<style>.kadence-column103_57e1d3-62 > .kt-inside-inner-col,.kadence-column103_57e1d3-62 > .kt-inside-inner-col:before{border-top-left-radius:0px;border-top-right-radius:0px;border-bottom-right-radius:0px;border-bottom-left-radius:0px;}.kadence-column103_57e1d3-62 > .kt-inside-inner-col{column-gap:var(--global-kb-gap-sm, 1rem);}.kadence-column103_57e1d3-62 > .kt-inside-inner-col{flex-direction:column;}.kadence-column103_57e1d3-62 > .kt-inside-inner-col > .aligncenter{width:100%;}.kadence-column103_57e1d3-62 > .kt-inside-inner-col:before{opacity:0.3;}.kadence-column103_57e1d3-62{position:relative;}@media all and (max-width: 1024px){.kadence-column103_57e1d3-62 > .kt-inside-inner-col{flex-direction:column;justify-content:center;}}@media all and (max-width: 767px){.kadence-column103_57e1d3-62 > .kt-inside-inner-col{padding-top:0px;padding-bottom:0px;flex-direction:column;justify-content:center;}.kadence-column103_57e1d3-62, .kt-inside-inner-col > .kadence-column103_57e1d3-62:not(.specificity){margin-top:0px;margin-bottom:0px;}}<\/style>\n<div class=\"wp-block-kadence-column kadence-column103_57e1d3-62 kvs-lg-false kvs-md-false kb-section-dir-vertical\"><div class=\"kt-inside-inner-col\"><style>.kb-image103_a794fb-1c .kb-image-has-overlay:after{opacity:0.3;}.kb-image103_a794fb-1c img.kb-img, .kb-image103_a794fb-1c .kb-img img{object-position:53% 0%;}<\/style>\n<div class=\"wp-block-kadence-image kb-image103_a794fb-1c\"><figure class=\"aligncenter size-large kb-image-is-ratio-size\"><div class=\"kb-is-ratio-image kb-image-ratio-port34\"><img loading=\"lazy\" decoding=\"async\" width=\"725\" height=\"1024\" src=\"https:\/\/lopezdecarlo.com\/wp-content\/uploads\/2026\/01\/2-baja--725x1024.jpg\" alt=\"\" class=\"kb-img wp-image-1338\" srcset=\"https:\/\/lopezdecarlo.com\/wp-content\/uploads\/2026\/01\/2-baja--725x1024.jpg 725w, https:\/\/lopezdecarlo.com\/wp-content\/uploads\/2026\/01\/2-baja--212x300.jpg 212w, https:\/\/lopezdecarlo.com\/wp-content\/uploads\/2026\/01\/2-baja--768x1085.jpg 768w, https:\/\/lopezdecarlo.com\/wp-content\/uploads\/2026\/01\/2-baja--1087x1536.jpg 1087w, https:\/\/lopezdecarlo.com\/wp-content\/uploads\/2026\/01\/2-baja--1449x2048.jpg 1449w, https:\/\/lopezdecarlo.com\/wp-content\/uploads\/2026\/01\/2-baja--8x12.jpg 8w, https:\/\/lopezdecarlo.com\/wp-content\/uploads\/2026\/01\/2-baja--scaled.jpg 1812w\" sizes=\"auto, (max-width: 725px) 100vw, 725px\" \/><\/div><\/figure><\/div>\n<\/div><\/div>\n\n<\/div><\/div>\n\n<style>.kb-row-layout-id103_88589a-b3 > .kt-row-column-wrap{align-content:start;}:where(.kb-row-layout-id103_88589a-b3 > .kt-row-column-wrap) > .wp-block-kadence-column{justify-content:start;}.kb-row-layout-id103_88589a-b3 > .kt-row-column-wrap{column-gap:var(--global-kb-gap-md, 2rem);row-gap:var(--global-kb-gap-none, 0rem );max-width:2000px;margin-left:auto;margin-right:auto;padding-top:2rem;padding-right:3rem;padding-bottom:5rem;padding-left:3rem;grid-template-columns:minmax(0, 1fr);}.kb-row-layout-id103_88589a-b3 > .kt-row-layout-overlay{opacity:0.30;}@media all and (max-width: 1024px){.kb-row-layout-id103_88589a-b3 > .kt-row-column-wrap{grid-template-columns:minmax(0, 1fr);}}@media all and (max-width: 767px){.kb-row-layout-id103_88589a-b3 > .kt-row-column-wrap{padding-top:1.3rem;padding-right:1rem;padding-bottom:3rem;padding-left:1rem;grid-template-columns:minmax(0, 1fr);}}<\/style><div class=\"kb-row-layout-wrap kb-row-layout-id103_88589a-b3 alignnone wp-block-kadence-rowlayout\"><div class=\"kt-row-column-wrap kt-has-1-columns kt-row-layout-equal kt-tab-layout-inherit kt-mobile-layout-row kt-row-valign-top\">\n<style>.kadence-column103_ec6fba-b4 > .kt-inside-inner-col{padding-right:16rem;}.kadence-column103_ec6fba-b4 > .kt-inside-inner-col,.kadence-column103_ec6fba-b4 > .kt-inside-inner-col:before{border-top-left-radius:0px;border-top-right-radius:0px;border-bottom-right-radius:0px;border-bottom-left-radius:0px;}.kadence-column103_ec6fba-b4 > .kt-inside-inner-col{column-gap:var(--global-kb-gap-sm, 1rem);}.kadence-column103_ec6fba-b4 > .kt-inside-inner-col{flex-direction:column;}.kadence-column103_ec6fba-b4 > .kt-inside-inner-col > .aligncenter{width:100%;}.kadence-column103_ec6fba-b4 > .kt-inside-inner-col:before{opacity:0.3;}.kadence-column103_ec6fba-b4{position:relative;}@media all and (max-width: 1024px){.kadence-column103_ec6fba-b4 > .kt-inside-inner-col{flex-direction:column;justify-content:center;}}@media all and (max-width: 767px){.kadence-column103_ec6fba-b4 > .kt-inside-inner-col{padding-right:0rem;flex-direction:column;justify-content:center;}}<\/style>\n<div class=\"wp-block-kadence-column kadence-column103_ec6fba-b4\"><div class=\"kt-inside-inner-col\"><style>.wp-block-kadence-advancedheading.kt-adv-heading103_f0d9d0-2a, .wp-block-kadence-advancedheading.kt-adv-heading103_f0d9d0-2a[data-kb-block=\"kb-adv-heading103_f0d9d0-2a\"]{font-size:21px;line-height:1.4;font-style:normal;font-family:var( --global-heading-font-family, inherit );}.wp-block-kadence-advancedheading.kt-adv-heading103_f0d9d0-2a mark.kt-highlight, .wp-block-kadence-advancedheading.kt-adv-heading103_f0d9d0-2a[data-kb-block=\"kb-adv-heading103_f0d9d0-2a\"] mark.kt-highlight{font-style:normal;color:#f76a0c;-webkit-box-decoration-break:clone;box-decoration-break:clone;padding-top:0px;padding-right:0px;padding-bottom:0px;padding-left:0px;}@media all and (max-width: 767px){.wp-block-kadence-advancedheading.kt-adv-heading103_f0d9d0-2a, .wp-block-kadence-advancedheading.kt-adv-heading103_f0d9d0-2a[data-kb-block=\"kb-adv-heading103_f0d9d0-2a\"]{font-size:19px;}}<\/style>\n<h1 class=\"kt-adv-heading103_f0d9d0-2a wp-block-kadence-advancedheading\" data-kb-block=\"kb-adv-heading103_f0d9d0-2a\" data-aos-duration=\"1200\">Bel\u00e9n L\u00f3pez De Carlo was born in Buenos Aires, Argentina, in 1991, where she currently lives and works.<br>She holds a degree in Visual Arts from the Universidad del Museo Social Argentino.<\/h1>\n\n\n<style>.wp-block-kadence-advancedheading.kt-adv-heading103_316092-63, .wp-block-kadence-advancedheading.kt-adv-heading103_316092-63[data-kb-block=\"kb-adv-heading103_316092-63\"]{font-size:14px;line-height:1.4;font-style:normal;font-family:var( --global-body-font-family, inherit );}.wp-block-kadence-advancedheading.kt-adv-heading103_316092-63 mark.kt-highlight, .wp-block-kadence-advancedheading.kt-adv-heading103_316092-63[data-kb-block=\"kb-adv-heading103_316092-63\"] mark.kt-highlight{font-style:normal;color:#f76a0c;-webkit-box-decoration-break:clone;box-decoration-break:clone;padding-top:0px;padding-right:0px;padding-bottom:0px;padding-left:0px;}<\/style>\n<div class=\"kt-adv-heading103_316092-63 wp-block-kadence-advancedheading translation-block\" data-kb-block=\"kb-adv-heading103_316092-63\" data-aos-duration=\"1200\" data-aos-delay=\"200\">She trained as a Scenic Designer at the Instituto Superior de Arte of the Teatro Col\u00f3n. She participated in the Fundaci\u00f3n Cazadores Artist Program and in Proyecto PAC at Galer\u00eda Gachi Prieto. She attended the Blas\u00f3n Artist Program and \u201cThe First Friday of Every Month,\u201d both coordinated by Ver\u00f3nica G\u00f3mez. Among her <em>distinctions<\/em> are a Special Mention at the MACSur Visual Arts Award (Buenos Aires, 2023) and her selection for the Bancor Painting Award (C\u00f3rdoba, 2023). Among her <em>solo exhibitions<\/em> are \u201cWhen Form Remembers Having Been a Star,\u201d with a text by C\u00e9sar N\u00fa\u00f1ez (Galer\u00eda N\u00facleo, Santa Fe, 2025), and \u201cAn Unfulfilled Promise,\u201d with a text by Nahuel Vecino (Galer\u00eda Praxis, Buenos Aires, 2024). She has participated in the <em>group exhibitions<\/em> \u201cSummer Pop-up Vol. I, II, and III\u201d (Galer\u00eda Gachi Prieto, Buenos Aires, 2023, 2024, and 2025), \u201cSystem Glitch\u201d (Galer\u00eda Miranda Bosch, Buenos Aires, 2025), Churruca Hospital Auction (Rold\u00e1n, Buenos Aires, 2025), \u201cMisshapes\u201d (Galer\u00eda Praxis, New York, 2024), \u201cCrossing the Mirror\u201d (Galer\u00eda Praxis, Buenos Aires, 2023), \u201cWhat Matters Is the Skin\u201d (Galer\u00eda Praxis, Buenos Aires, 2022), \u201cZoomOut\u201d (Galer\u00eda Gachi Prieto, Buenos Aires, 2021), among others. Her work is part of private collections.<\/div>\n\n\n<style>.wp-block-kadence-advancedheading.kt-adv-heading103_78ac7f-4e, .wp-block-kadence-advancedheading.kt-adv-heading103_78ac7f-4e[data-kb-block=\"kb-adv-heading103_78ac7f-4e\"]{margin-top:8px;font-size:14px;line-height:1.4;font-style:normal;font-family:var( --global-body-font-family, inherit );}.wp-block-kadence-advancedheading.kt-adv-heading103_78ac7f-4e mark.kt-highlight, .wp-block-kadence-advancedheading.kt-adv-heading103_78ac7f-4e[data-kb-block=\"kb-adv-heading103_78ac7f-4e\"] mark.kt-highlight{font-style:normal;color:#f76a0c;-webkit-box-decoration-break:clone;box-decoration-break:clone;padding-top:0px;padding-right:0px;padding-bottom:0px;padding-left:0px;}<\/style>\n<h2 class=\"kt-adv-heading103_78ac7f-4e wp-block-kadence-advancedheading\" data-kb-block=\"kb-adv-heading103_78ac7f-4e\" data-aos-duration=\"1200\" data-aos-delay=\"400\" data-aos-once=\"true\">mariabelenlopezdecarlo@gmail.com<br><a href=\"https:\/\/www.instagram.com\/belenlopezdecarlo\/\" target=\"_blank\" rel=\"noreferrer noopener\">Instagram<\/a><\/h2>\n<\/div><\/div>\n\n<\/div><\/div>","protected":false},"excerpt":{"rendered":"<p>Bel\u00e9n L\u00f3pez De Carlo naci\u00f3 en Buenos Aires (Argentina), en 1991, donde vive y trabaja actualmente.Es Licenciada en Artes Visuales por la Universidad del Museo Social Argentino. Se form\u00f3 como Realizadora Escenogr\u00e1fica en el Instituto Superior de Arte del Teatro Col\u00f3n. Particip\u00f3 en el Programa de artistas de la Fundaci\u00f3n Cazadores y en Proyecto PAC&#8230;<\/p>","protected":false},"author":1,"featured_media":0,"parent":0,"menu_order":0,"comment_status":"closed","ping_status":"closed","template":"","meta":{"_acf_changed":false,"_kad_blocks_custom_css":"","_kad_blocks_head_custom_js":"","_kad_blocks_body_custom_js":"","_kad_blocks_footer_custom_js":"","_kad_post_transparent":"disable","_kad_post_title":"hide","_kad_post_layout":"default","_kad_post_sidebar_id":"","_kad_post_content_style":"unboxed","_kad_post_vertical_padding":"hide","_kad_post_feature":"","_kad_post_feature_position":"","_kad_post_header":false,"_kad_post_footer":true,"footnotes":""},"class_list":["post-103","page","type-page","status-publish","hentry"],"acf":[],"taxonomy_info":[],"featured_image_src_large":false,"author_info":{"display_name":"dev","author_link":"https:\/\/lopezdecarlo.com\/en\/author\/dev\/"},"comment_info":0,"_links":{"self":[{"href":"https:\/\/lopezdecarlo.com\/en\/wp-json\/wp\/v2\/pages\/103","targetHints":{"allow":["GET"]}}],"collection":[{"href":"https:\/\/lopezdecarlo.com\/en\/wp-json\/wp\/v2\/pages"}],"about":[{"href":"https:\/\/lopezdecarlo.com\/en\/wp-json\/wp\/v2\/types\/page"}],"author":[{"embeddable":true,"href":"https:\/\/lopezdecarlo.com\/en\/wp-json\/wp\/v2\/users\/1"}],"replies":[{"embeddable":true,"href":"https:\/\/lopezdecarlo.com\/en\/wp-json\/wp\/v2\/comments?post=103"}],"version-history":[{"count":0,"href":"https:\/\/lopezdecarlo.com\/en\/wp-json\/wp\/v2\/pages\/103\/revisions"}],"wp:attachment":[{"href":"https:\/\/lopezdecarlo.com\/en\/wp-json\/wp\/v2\/media?parent=103"}],"curies":[{"name":"wp","href":"https:\/\/api.w.org\/{rel}","templated":true}]}}